{"id":771,"date":"2023-01-27T06:52:40","date_gmt":"2023-01-27T06:52:40","guid":{"rendered":"https:\/\/atisibiu2024.medical-congresses.ro\/?page_id=771"},"modified":"2023-12-05T12:57:24","modified_gmt":"2023-12-05T12:57:24","slug":"rezumate","status":"publish","type":"page","link":"https:\/\/atisibiu2024.medical-congresses.ro\/en\/rezumate\/","title":{"rendered":"Rezumate"},"content":{"rendered":"<div data-elementor-type=\"wp-page\" data-elementor-id=\"771\" class=\"elementor elementor-771\">\n\t\t\t\t\t\t<section class=\"elementor-section elementor-top-section elementor-element elementor-element-431c809 elementor-section-boxed elementor-section-height-default elementor-section-height-default\" data-id=\"431c809\" data-element_type=\"section\" data-settings=\"{&quot;jet_parallax_layout_list&quot;:[],&quot;background_background&quot;:&quot;classic&quot;}\">\n\t\t\t\t\t\t<div class=\"elementor-container elementor-column-gap-default\">\n\t\t\t\t\t<div class=\"elementor-column elementor-col-100 elementor-top-column elementor-element elementor-element-42e11ef\" data-id=\"42e11ef\" data-element_type=\"column\">\n\t\t\t<div class=\"elementor-widget-wrap elementor-element-populated\">\n\t\t\t\t\t\t<div class=\"elementor-element elementor-element-fb7ca60 elementor-align-center elementor-widget elementor-widget-raven-heading\" data-id=\"fb7ca60\" data-element_type=\"widget\" data-widget_type=\"raven-heading.default\">\n\t\t\t\t<div class=\"elementor-widget-container\">\n\t\t\t\t\t<div class=\"raven-widget-wrapper\"><h1 class=\"raven-heading raven-heading-h1\"><span class=\"raven-heading-title\"><span class=\"raven-heading-title-inner elementor-inline-editing\" data-text=\"&lt;div data-id=&quot;5ce4649&quot; data-element_type=&quot;widget&quot; data-widget_type=&quot;raven-heading.default&quot; style=&quot;flex-basis: var(--flex-basis); flex-grow: var(--flex-grow); flex-shrink: var(--flex-shrink); order: var(--order); align-self: var(--align-self); flex-direction: var(--flex-direction); flex-wrap: var(--flex-wrap); justify-content: var(--justify-content); align-items: var(--align-items); align-content: var(--align-content); gap: var(--gap); --widgets-spacing: 18px; width: 1280px; color: rgb(102, 102, 102); font-size: 16px; text-transform: none; white-space-collapse: collapse;&quot;&gt;&lt;div style=&quot;transition: background .3s,border .3s,border-radius .3s,box-shadow .3s,transform var(--e-transform-transition-duration,.4s); padding: 50px 0px 0px;&quot;&gt;&lt;h1 style=&quot;font-family: Oswald, sans-serif; font-size: 77px; line-height: 1.4em;&quot;&gt;REZUMATE&lt;\/h1&gt;&lt;\/div&gt;&lt;\/div&gt;\" data-elementor-setting-key=\"title\"><div data-id=\"5ce4649\" data-element_type=\"widget\" data-widget_type=\"raven-heading.default\" style=\"flex-basis: var(--flex-basis); flex-grow: var(--flex-grow); flex-shrink: var(--flex-shrink); order: var(--order); align-self: var(--align-self); flex-direction: var(--flex-direction); flex-wrap: var(--flex-wrap); justify-content: var(--justify-content); align-items: var(--align-items); align-content: var(--align-content); gap: var(--gap); --widgets-spacing: 18px; width: 1280px; color: rgb(102, 102, 102); font-size: 16px; text-transform: none; white-space-collapse: collapse;\"><div style=\"transition: background .3s,border .3s,border-radius .3s,box-shadow .3s,transform var(--e-transform-transition-duration,.4s); padding: 50px 0px 0px;\"><h1 style=\"font-family: Oswald, sans-serif; font-size: 77px; line-height: 1.4em;\">REZUMATE<\/h1><\/div><\/div><\/span><\/span><\/h1><\/div>\n\t\t\t\t<\/div>\n\t\t\t\t<\/div>\n\t\t\t\t<div class=\"elementor-element elementor-element-53b89cf elementor-widget elementor-widget-text-editor\" data-id=\"53b89cf\" data-element_type=\"widget\" data-widget_type=\"text-editor.default\">\n\t\t\t\t<div class=\"elementor-widget-container\">\n\t\t\t<style>\/*! elementor - v3.19.0 - 29-01-2024 *\/\n.elementor-widget-text-editor.elementor-drop-cap-view-stacked .elementor-drop-cap{background-color:#69727d;color:#fff}.elementor-widget-text-editor.elementor-drop-cap-view-framed .elementor-drop-cap{color:#69727d;border:3px solid;background-color:transparent}.elementor-widget-text-editor:not(.elementor-drop-cap-view-default) .elementor-drop-cap{margin-top:8px}.elementor-widget-text-editor:not(.elementor-drop-cap-view-default) .elementor-drop-cap-letter{width:1em;height:1em}.elementor-widget-text-editor .elementor-drop-cap{float:left;text-align:center;line-height:1;font-size:50px}.elementor-widget-text-editor .elementor-drop-cap-letter{display:inline-block}<\/style>\t\t\t\t<p>Rezumatul lucr\u0103rii poate fi trimis p\u00e2n\u0103 la data de<b> 15.01.2024, inclusiv, <\/b>folosind formularul de mai jos.<\/p><p><strong>IMPORTANT!<\/strong>\u00a0<strong>Pentru acceptarea rezumatului trimis, primul autor trebuie s\u0103 fie \u00eenscris ca \u0219i\u00a0participant la congres. Taxa de participare va trebui\u00a0achitat\u0103 p\u00e2n\u0103 la \u00eenceperea evenimentului!<\/strong><\/p>\t\t\t\t\t\t<\/div>\n\t\t\t\t<\/div>\n\t\t\t\t<div class=\"elementor-element elementor-element-6447739 elementor-mobile-align-center elementor-align-left elementor-widget elementor-widget-raven-heading\" data-id=\"6447739\" data-element_type=\"widget\" data-widget_type=\"raven-heading.default\">\n\t\t\t\t<div class=\"elementor-widget-container\">\n\t\t\t\t\t<div class=\"raven-widget-wrapper\"><h1 class=\"raven-heading raven-heading-h1\"><span class=\"raven-heading-title\"><span class=\"raven-heading-title-inner elementor-inline-editing\" data-text=\"INSTRUC\u021aIUNI DE REDACTARE A REZUMATELOR LUCR\u0102RI ORALE\/Poster\" data-elementor-setting-key=\"title\">INSTRUC\u021aIUNI DE REDACTARE A REZUMATELOR \nLUCR\u0102RI ORALE\/Poster<\/span><\/span><\/h1><\/div>\n\t\t\t\t<\/div>\n\t\t\t\t<\/div>\n\t\t\t\t<div class=\"elementor-element elementor-element-be539df elementor-widget elementor-widget-text-editor\" data-id=\"be539df\" data-element_type=\"widget\" data-widget_type=\"text-editor.default\">\n\t\t\t\t<div class=\"elementor-widget-container\">\n\t\t\t\t\t\t\t<p>V\u0103 rug\u0103m s\u0103 respecta\u021bi urm\u0103toarele cerin\u021be de redactare a rezumatului:<span style=\"color: #ff0000;\"><strong>\u00a0<\/strong><\/span><\/p><ul><li>maxim 300 cuvinte;<\/li><li>redactat \u00een limba rom\u00e2n\u0103 \u0219i \u00een limba englez\u0103;<\/li><li>fontul Times New Roman 12, f\u0103r\u0103 aliniat de paragraf sau alte indent\u0103ri; nu va fi formatat<\/li><li>redactare cu diacritice.<\/li><\/ul><p><strong>Rezumatul trebuie s\u0103 cuprind\u0103:<\/strong><strong>\u00a0<\/strong><\/p><ul><li>titlul, scris cu majuscule urmat de un r\u00e2nd gol; titlul (inclusiv spa\u021biile) nu poate fi mai lung de 300 de caractere;<\/li><li><strong>numele autorilor, scrise pe un r\u00e2nd, respect\u00e2nd ordinea:<\/strong>\u00a0ini\u021biale prenume (in cazul b\u0103rba\u021bilor) sau prenume (\u00een cazul femeilor) urmate de nume (nu folosi\u021bi titluri profesionale\/academice); dup\u0103 lista autorilor se va l\u0103sa un r\u00e2nd liber;<\/li><li>afilierea (sec\u021bie, institu\u021bie, ora\u0219, \u021bara), at\u00e2t a primului autor, c\u00e2t \u0219i a coautorilor. Prima liter\u0103 a fiec\u0103rui cuv\u00e2nt trebuie scris\u0103 cu majuscul\u0103;<\/li><li><strong>se va insera un r\u00e2nd ce va cuprinde 3 \u2013 5 cuvinte cheie;<\/strong><\/li><li>textul propriu-zis trebuie s\u0103 respecte structura cunoscut\u0103: introducere, material \u0219i metode, rezultate, concluzii (se vor evita formul\u0103rile de gen \u201crezultatele vor fi prezentate\u201d); textul trebuie s\u0103 con\u021bin\u0103 suficiente detalii pentru a putea justifica concluzia;<\/li><li>in cazul prezent\u0103rilor film video, rezumatul consta in scurta prezentare<\/li><li>nu se accept\u0103 grafice \u0219i tabele \u00een rezumat;<\/li><li>toate abrevierile vor fi explicate la prima utilizare \u00een text.<\/li><\/ul>\t\t\t\t\t\t<\/div>\n\t\t\t\t<\/div>\n\t\t\t\t\t<\/div>\n\t\t<\/div>\n\t\t\t\t\t<\/div>\n\t\t<\/section>\n\t\t\t\t<section class=\"elementor-section elementor-top-section elementor-element elementor-element-a495e42 elementor-section-boxed elementor-section-height-default elementor-section-height-default\" data-id=\"a495e42\" data-element_type=\"section\" data-settings=\"{&quot;jet_parallax_layout_list&quot;:[]}\">\n\t\t\t\t\t\t<div class=\"elementor-container elementor-column-gap-default\">\n\t\t\t\t\t<div class=\"elementor-column elementor-col-100 elementor-top-column elementor-element elementor-element-ce2100b\" data-id=\"ce2100b\" data-element_type=\"column\">\n\t\t\t<div class=\"elementor-widget-wrap elementor-element-populated\">\n\t\t\t\t\t\t<div class=\"elementor-element elementor-element-d4a8a45 elementor-widget elementor-widget-text-editor\" data-id=\"d4a8a45\" data-element_type=\"widget\" data-widget_type=\"text-editor.default\">\n\t\t\t\t<div class=\"elementor-widget-container\">\n\t\t\t<div style='background-color:#ff0000;color:#ffffff;padding:10px;margin-bottom:20px;'>\u00cenregistrarea rezumatelor este indisponibil\u0103<br>Termenul limit\u0103 pentru \u00eenregistrarea participan\u021bilor a fost 14.01.2024, ora 23:59!<\/div>\t\t\t\t<p><\/p>\t\t\t\t\t\t<\/div>\n\t\t\t\t<\/div>\n\t\t\t\t\t<\/div>\n\t\t<\/div>\n\t\t\t\t\t<\/div>\n\t\t<\/section>\n\t\t\t\t<\/div>","protected":false},"excerpt":{"rendered":"<p>REZUMATE Rezumatul lucr\u0103rii poate fi trimis p\u00e2n\u0103 la data de 15.01.2024, inclusiv, folosind formularul de mai jos. IMPORTANT!\u00a0Pentru acceptarea rezumatului trimis, primul autor trebuie s\u0103 fie \u00eenscris ca \u0219i\u00a0participant la congres. Taxa de participare va trebui\u00a0achitat\u0103 p\u00e2n\u0103 la \u00eenceperea evenimentului! INSTRUC\u021aIUNI DE REDACTARE A REZUMATELOR LUCR\u0102RI ORALE\/Poster V\u0103 rug\u0103m s\u0103 respecta\u021bi urm\u0103toarele cerin\u021be de redactare [&hellip;]<\/p>","protected":false},"author":1,"featured_media":0,"parent":0,"menu_order":0,"comment_status":"closed","ping_status":"closed","template":"elementor_header_footer","meta":{"_exactmetrics_skip_tracking":false,"_exactmetrics_sitenote_active":false,"_exactmetrics_sitenote_note":"","_exactmetrics_sitenote_category":0},"acf":[],"publishpress_future_action":{"enabled":false,"date":"2026-05-07 19:18:51","action":"draft","terms":[],"taxonomy":""},"_links":{"self":[{"href":"https:\/\/atisibiu2024.medical-congresses.ro\/en\/wp-json\/wp\/v2\/pages\/771"}],"collection":[{"href":"https:\/\/atisibiu2024.medical-congresses.ro\/en\/wp-json\/wp\/v2\/pages"}],"about":[{"href":"https:\/\/atisibiu2024.medical-congresses.ro\/en\/wp-json\/wp\/v2\/types\/page"}],"author":[{"embeddable":true,"href":"https:\/\/atisibiu2024.medical-congresses.ro\/en\/wp-json\/wp\/v2\/users\/1"}],"replies":[{"embeddable":true,"href":"https:\/\/atisibiu2024.medical-congresses.ro\/en\/wp-json\/wp\/v2\/comments?post=771"}],"version-history":[{"count":125,"href":"https:\/\/atisibiu2024.medical-congresses.ro\/en\/wp-json\/wp\/v2\/pages\/771\/revisions"}],"predecessor-version":[{"id":2158,"href":"https:\/\/atisibiu2024.medical-congresses.ro\/en\/wp-json\/wp\/v2\/pages\/771\/revisions\/2158"}],"wp:attachment":[{"href":"https:\/\/atisibiu2024.medical-congresses.ro\/en\/wp-json\/wp\/v2\/media?parent=771"}],"curies":[{"name":"wp","href":"https:\/\/api.w.org\/{rel}","templated":true}]}}