{"id":69,"date":"2020-06-01T12:32:30","date_gmt":"2020-06-01T12:32:30","guid":{"rendered":"https:\/\/jupiterx.artbees.net\/business-conference\/?page_id=69"},"modified":"2023-12-05T12:55:48","modified_gmt":"2023-12-05T12:55:48","slug":"inregistrare","status":"publish","type":"page","link":"https:\/\/atisibiu2024.medical-congresses.ro\/en\/inregistrare\/","title":{"rendered":"\u00cenregistrare"},"content":{"rendered":"<div data-elementor-type=\"wp-page\" data-elementor-id=\"69\" class=\"elementor elementor-69\">\n\t\t\t\t\t\t<section class=\"elementor-section elementor-top-section elementor-element elementor-element-d2132a2 elementor-section-boxed elementor-section-height-default elementor-section-height-default\" data-id=\"d2132a2\" data-element_type=\"section\" data-settings=\"{&quot;jet_parallax_layout_list&quot;:[]}\">\n\t\t\t\t\t\t<div class=\"elementor-container elementor-column-gap-default\">\n\t\t\t\t\t<div class=\"elementor-column elementor-col-100 elementor-top-column elementor-element elementor-element-f544a51\" data-id=\"f544a51\" data-element_type=\"column\">\n\t\t\t<div class=\"elementor-widget-wrap elementor-element-populated\">\n\t\t\t\t\t\t<section class=\"elementor-section elementor-inner-section elementor-element elementor-element-93d5b26 elementor-section-boxed elementor-section-height-default elementor-section-height-default\" data-id=\"93d5b26\" data-element_type=\"section\" data-settings=\"{&quot;jet_parallax_layout_list&quot;:[]}\">\n\t\t\t\t\t\t<div class=\"elementor-container elementor-column-gap-default\">\n\t\t\t\t\t<div class=\"elementor-column elementor-col-100 elementor-inner-column elementor-element elementor-element-8420d15\" data-id=\"8420d15\" data-element_type=\"column\">\n\t\t\t<div class=\"elementor-widget-wrap elementor-element-populated\">\n\t\t\t\t\t\t<div class=\"elementor-element elementor-element-78e30bb elementor-hidden-desktop elementor-hidden-tablet elementor-hidden-mobile elementor-widget elementor-widget-jet-table\" data-id=\"78e30bb\" data-element_type=\"widget\" data-widget_type=\"jet-table.default\">\n\t\t\t\t<div class=\"elementor-widget-container\">\n\t\t\t<div class=\"elementor-jet-table jet-elements\">\n\t\t<div class=\"jet-table-wrapper jet-table-responsive-mobile\">\n\t\t\t<table class=\"jet-table jet-table--fa5-compat\">\n\t\t\t\t<thead class=\"jet-table__head\"><tr class=\"jet-table__head-row\"><th class=\"jet-table__cell elementor-repeater-item-f3a92b5 jet-table__head-cell\" scope=\"col\"><div class=\"jet-table__cell-inner\"><div class=\"jet-table__cell-content\"><div class=\"jet-table__cell-text\">Taxe Participare<\/div><\/div><\/div><\/th><th class=\"jet-table__cell elementor-repeater-item-25bf095 jet-table__head-cell\" scope=\"col\"><div class=\"jet-table__cell-inner\"><div class=\"jet-table__cell-content\"><div class=\"jet-table__cell-text\">P\u00e2n\u0103 la 20.07.2023<\/div><\/div><\/div><\/th><th class=\"jet-table__cell elementor-repeater-item-eeeb127 jet-table__head-cell\" scope=\"col\"><div class=\"jet-table__cell-inner\"><div class=\"jet-table__cell-content\"><div class=\"jet-table__cell-text\">Din 21.07.2023 \u0219i pe loc<\/div><\/div><\/div><\/th><\/tr><\/thead>\n\t\t\t\t\t\t\t\t<tfoot class=\"jet-table__foot\"><tr class=\"jet-table__foot-row\"><th class=\"jet-table__cell elementor-repeater-item-44dc68d jet-table__foot-cell\" scope=\"col\"><div class=\"jet-table__cell-inner\"><div class=\"jet-table__cell-content\"><div class=\"jet-table__cell-text\">Cursurile se desf\u0103\u0219oar\u0103 \u00een paralel,  \u00een data de 21 septembrie 2023<\/div><\/div><\/div><\/th><th class=\"jet-table__cell elementor-repeater-item-cd0f435 jet-table__foot-cell\" scope=\"col\"><div class=\"jet-table__cell-inner\"><div class=\"jet-table__cell-content\"><\/div><\/div><\/th><th class=\"jet-table__cell elementor-repeater-item-5525c1b jet-table__foot-cell\" scope=\"col\"><div class=\"jet-table__cell-inner\"><div class=\"jet-table__cell-content\"><\/div><\/div><\/th><\/tr><\/tfoot>\n\t\t\t\t\t\t\t\t<tbody class=\"jet-table__body jet-table__body_no-border-radius\"><tr class=\"jet-table__body-row elementor-repeater-item-abe6c4c\"><td class=\"jet-table__cell elementor-repeater-item-15400aa jet-table__body-cell\"><div class=\"jet-table__cell-inner\"><div class=\"jet-table__cell-content\"><div class=\"jet-table__cell-text\">Medici primari\/speciali\u0219ti<\/div><\/div><\/div><\/td><td class=\"jet-table__cell elementor-repeater-item-13e5995 jet-table__body-cell\"><div class=\"jet-table__cell-inner\"><div class=\"jet-table__cell-content\"><div class=\"jet-table__cell-text\">250 RON<\/div><\/div><\/div><\/td><td class=\"jet-table__cell elementor-repeater-item-2833fe5 jet-table__body-cell\"><div class=\"jet-table__cell-inner\"><div class=\"jet-table__cell-content\"><div class=\"jet-table__cell-text\">300 RON<\/div><\/div><\/div><\/td><\/tr><tr class=\"jet-table__body-row elementor-repeater-item-1294f13\"><td class=\"jet-table__cell elementor-repeater-item-3e278b1 jet-table__body-cell\"><div class=\"jet-table__cell-inner\"><div class=\"jet-table__cell-content\"><div class=\"jet-table__cell-text\">Medici reziden\u021bi\/pensionari<\/div><\/div><\/div><\/td><td class=\"jet-table__cell elementor-repeater-item-90fd6f5 jet-table__body-cell\"><div class=\"jet-table__cell-inner\"><div class=\"jet-table__cell-content\"><div class=\"jet-table__cell-text\">125 RON<\/div><\/div><\/div><\/td><td class=\"jet-table__cell elementor-repeater-item-0066a25 jet-table__body-cell\"><div class=\"jet-table__cell-inner\"><div class=\"jet-table__cell-content\"><div class=\"jet-table__cell-text\">175 RON<\/div><\/div><\/div><\/td><\/tr><tr class=\"jet-table__body-row elementor-repeater-item-0fc8324\"><td class=\"jet-table__cell elementor-repeater-item-a2fd98a jet-table__body-cell\"><div class=\"jet-table__cell-inner\"><div class=\"jet-table__cell-content\"><div class=\"jet-table__cell-text\">Curs Chirurgie minim invaziv\u0103 hands-on\n<\/div><\/div><\/div><\/td><td class=\"jet-table__cell elementor-repeater-item-4f619b6 jet-table__body-cell\"><div class=\"jet-table__cell-inner\"><div class=\"jet-table__cell-content\"><div class=\"jet-table__cell-text\">700 RON<\/div><\/div><\/div><\/td><td class=\"jet-table__cell elementor-repeater-item-a61f57b jet-table__body-cell\"><div class=\"jet-table__cell-inner\"><div class=\"jet-table__cell-content\"><div class=\"jet-table__cell-text\">700 RON<\/div><\/div><\/div><\/td><\/tr><tr class=\"jet-table__body-row elementor-repeater-item-09924ff\"><td class=\"jet-table__cell elementor-repeater-item-c852a12 jet-table__body-cell\"><div class=\"jet-table__cell-inner\"><div class=\"jet-table__cell-content\"><div class=\"jet-table__cell-text\">Curs Medicin\u0103 regenerativ\u0103 \u0219i estetic\u0103 ginecologic\u0103\n<\/div><\/div><\/div><\/td><td class=\"jet-table__cell elementor-repeater-item-acf5ba0 jet-table__body-cell\"><div class=\"jet-table__cell-inner\"><div class=\"jet-table__cell-content\"><div class=\"jet-table__cell-text\">500 RON<\/div><\/div><\/div><\/td><td class=\"jet-table__cell elementor-repeater-item-ea4c2cd jet-table__body-cell\"><div class=\"jet-table__cell-inner\"><div class=\"jet-table__cell-content\"><div class=\"jet-table__cell-text\">500 RON<\/div><\/div><\/div><\/td><\/tr><\/tbody>\n\t\t\t<\/table>\n\t\t<\/div>\n\n\t\t<\/div>\t\t<\/div>\n\t\t\t\t<\/div>\n\t\t\t\t\t<\/div>\n\t\t<\/div>\n\t\t\t\t\t<\/div>\n\t\t<\/section>\n\t\t\t\t<div class=\"elementor-element elementor-element-5ce4649 elementor-align-center elementor-widget elementor-widget-raven-heading\" data-id=\"5ce4649\" data-element_type=\"widget\" data-widget_type=\"raven-heading.default\">\n\t\t\t\t<div class=\"elementor-widget-container\">\n\t\t\t\t\t<div class=\"raven-widget-wrapper\"><h1 class=\"raven-heading raven-heading-h1\"><span class=\"raven-heading-title\"><span class=\"raven-heading-title-inner elementor-inline-editing\" data-text=\"\u00cenregistrare\" data-elementor-setting-key=\"title\">\u00cenregistrare<\/span><\/span><\/h1><\/div>\n\t\t\t\t<\/div>\n\t\t\t\t<\/div>\n\t\t\t\t<section class=\"elementor-section elementor-inner-section elementor-element elementor-element-5c92f51 elementor-section-boxed elementor-section-height-default elementor-section-height-default\" data-id=\"5c92f51\" data-element_type=\"section\" data-settings=\"{&quot;jet_parallax_layout_list&quot;:[]}\">\n\t\t\t\t\t\t<div class=\"elementor-container elementor-column-gap-default\">\n\t\t\t\t\t<div class=\"elementor-column elementor-col-100 elementor-inner-column elementor-element elementor-element-ce445be\" data-id=\"ce445be\" data-element_type=\"column\">\n\t\t\t<div class=\"elementor-widget-wrap elementor-element-populated\">\n\t\t\t\t\t\t<div class=\"elementor-element elementor-element-bbd853a elementor-widget elementor-widget-image\" data-id=\"bbd853a\" data-element_type=\"widget\" data-widget_type=\"image.default\">\n\t\t\t\t<div class=\"elementor-widget-container\">\n\t\t\t<style>\/*! elementor - v3.19.0 - 29-01-2024 *\/\n.elementor-widget-image{text-align:center}.elementor-widget-image a{display:inline-block}.elementor-widget-image a img[src$=\".svg\"]{width:48px}.elementor-widget-image img{vertical-align:middle;display:inline-block}<\/style>\t\t\t\t\t\t\t\t\t\t<img fetchpriority=\"high\" decoding=\"async\" width=\"1024\" height=\"318\" src=\"https:\/\/atisibiu2024.medical-congresses.ro\/wp-content\/uploads\/2023\/11\/Taxe-ATISibiu-1024x318.jpg\" class=\"attachment-large size-large wp-image-1943\" alt=\"\" srcset=\"https:\/\/atisibiu2024.medical-congresses.ro\/wp-content\/uploads\/2023\/11\/Taxe-ATISibiu-1024x318.jpg 1024w, https:\/\/atisibiu2024.medical-congresses.ro\/wp-content\/uploads\/2023\/11\/Taxe-ATISibiu-300x93.jpg 300w, https:\/\/atisibiu2024.medical-congresses.ro\/wp-content\/uploads\/2023\/11\/Taxe-ATISibiu-768x238.jpg 768w, https:\/\/atisibiu2024.medical-congresses.ro\/wp-content\/uploads\/2023\/11\/Taxe-ATISibiu-18x6.jpg 18w, https:\/\/atisibiu2024.medical-congresses.ro\/wp-content\/uploads\/2023\/11\/Taxe-ATISibiu.jpg 1322w\" sizes=\"(max-width: 1024px) 100vw, 1024px\" \/>\t\t\t\t\t\t\t\t\t\t\t\t\t<\/div>\n\t\t\t\t<\/div>\n\t\t\t\t<div class=\"elementor-element elementor-element-8eebb4a elementor-widget elementor-widget-text-editor\" data-id=\"8eebb4a\" data-element_type=\"widget\" data-widget_type=\"text-editor.default\">\n\t\t\t\t<div class=\"elementor-widget-container\">\n\t\t\t<style>\/*! elementor - v3.19.0 - 29-01-2024 *\/\n.elementor-widget-text-editor.elementor-drop-cap-view-stacked .elementor-drop-cap{background-color:#69727d;color:#fff}.elementor-widget-text-editor.elementor-drop-cap-view-framed .elementor-drop-cap{color:#69727d;border:3px solid;background-color:transparent}.elementor-widget-text-editor:not(.elementor-drop-cap-view-default) .elementor-drop-cap{margin-top:8px}.elementor-widget-text-editor:not(.elementor-drop-cap-view-default) .elementor-drop-cap-letter{width:1em;height:1em}.elementor-widget-text-editor .elementor-drop-cap{float:left;text-align:center;line-height:1;font-size:50px}.elementor-widget-text-editor .elementor-drop-cap-letter{display:inline-block}<\/style>\t\t\t\t<p><strong>INFORMA\u021aII PENTRU PLATA PRIN TRANSFER BANCAR:<\/strong><\/p>\n<p><strong>Contul pentru plata prin transfer bancar a taxelor de participare este:<\/strong><\/p>\n<ul>\n<li><strong>Beneficiar:&nbsp;<\/strong>Paloma Tours SRL (RO3801712)<\/li>\n<li><strong>Cont IBAN RON:&nbsp;<\/strong>&nbsp;RO60RNCB0072026572260430 (moneda RON)<\/li>\n<li><strong>Numele b\u0103ncii:&nbsp;<\/strong>BCR<\/li>\n<li>SWIFT:&nbsp;RNCBROBU<\/li>\n<\/ul>\n<p><strong>Dup\u0103 efectuarea pl\u0103\u021bii prin transfer bancar, v\u0103&nbsp;rug\u0103m s\u0103 v\u0103 \u00eenregistra\u021bi \u0219i online, complet\u00e2nd formularul de mai jos \u0219i s\u0103 transmite\u021bi dovada de plat\u0103 pentru a putea primi o <\/strong><b>scrisoare de confirmare pe email.<\/b><\/p>\n<p><strong>Dup\u0103 introducerea datelor personale, ap\u0103sa\u021bi <\/strong><b>butonul \u201c\u00cenregistrare\u201d<\/b><strong>,&nbsp;iar \u00een urm\u0103toarea pagin\u0103&nbsp;butonul <\/strong><b>\u201cPlat\u0103 prin Transfer Bancar\u201d<\/b><strong>.&nbsp;<\/strong><\/p>\n<p>Pentru suport v\u0103 rug\u0103m s\u0103 ne contacta\u0163i pe adresa de e-mail:<a href=\"mailto:corina.balan@pproevents.com\">&nbsp;<\/a><span style=\"color: #ff0000;\"><a style=\"color: #ff0000;\" href=\"mailto:adina.nosa@pproevents.com\"><b>adina.nosa@pproevents.com<\/b><\/a><\/span><\/p>\n<p>Manifestarea va fi creditat\u0103 cu puncte EMC, de c\u0103tre Colegiul Medicilor din Rom\u00e2nia!<\/p>\n<p><b>Taxa de \u00eenregistrare include:<\/b><\/p>\n<ul>\n<li>acces la lucr\u0103rile conferin\u021bei<\/li>\n<li>acces la expozi\u021bia medical\u0103 \u0219i la simpozioanele satelit ale partenerilor<\/li>\n<li>acces la coffee break-uri<\/li>\n<li>mapa de participant cu materialele evenimentului<\/li>\n<li>certificat de participare cu credite EMC<\/li>\n<\/ul>\n<p><span style=\"font-size: 11px;\">*Taxa de participare achitat\u0103 nu se returneaz\u0103!<\/span><\/p>\n<p><span style=\"font-size: 11px;\">*Toate taxele includ TVA.<\/span><\/p>\t\t\t\t\t\t<\/div>\n\t\t\t\t<\/div>\n\t\t\t\t\t<\/div>\n\t\t<\/div>\n\t\t\t\t\t<\/div>\n\t\t<\/section>\n\t\t\t\t\t<\/div>\n\t\t<\/div>\n\t\t\t\t\t<\/div>\n\t\t<\/section>\n\t\t\t\t<section class=\"elementor-section elementor-top-section elementor-element elementor-element-c953b6b elementor-section-boxed elementor-section-height-default elementor-section-height-default\" data-id=\"c953b6b\" data-element_type=\"section\" data-settings=\"{&quot;jet_parallax_layout_list&quot;:[],&quot;background_background&quot;:&quot;classic&quot;}\">\n\t\t\t\t\t\t<div class=\"elementor-container elementor-column-gap-no\">\n\t\t\t\t\t<div class=\"elementor-column elementor-col-100 elementor-top-column elementor-element elementor-element-9b76da9\" data-id=\"9b76da9\" data-element_type=\"column\">\n\t\t\t<div class=\"elementor-widget-wrap elementor-element-populated\">\n\t\t\t\t\t\t<section class=\"elementor-section elementor-inner-section elementor-element elementor-element-8204ceb elementor-section-boxed elementor-section-height-default elementor-section-height-default\" data-id=\"8204ceb\" data-element_type=\"section\" data-settings=\"{&quot;jet_parallax_layout_list&quot;:[]}\">\n\t\t\t\t\t\t<div class=\"elementor-container elementor-column-gap-default\">\n\t\t\t\t\t<div class=\"elementor-column elementor-col-100 elementor-inner-column elementor-element elementor-element-88f75ba\" data-id=\"88f75ba\" data-element_type=\"column\">\n\t\t\t<div class=\"elementor-widget-wrap elementor-element-populated\">\n\t\t\t\t\t\t<div class=\"elementor-element elementor-element-8da7d24 elementor-widget elementor-widget-text-editor\" data-id=\"8da7d24\" data-element_type=\"widget\" data-widget_type=\"text-editor.default\">\n\t\t\t\t<div class=\"elementor-widget-container\">\n\t\t\t<div style='background-color:#ff0000;color:#ffffff;padding:10px;margin-bottom:20px;'>\u00cenregistrarea participan\u021bilor este indisponibil\u0103<br>Termenul limit\u0103 pentru \u00eenregistrarea participan\u021bilor a fost 19.02.2024, ora 23:59!<\/div>\t\t\t\t<p><\/p>\t\t\t\t\t\t<\/div>\n\t\t\t\t<\/div>\n\t\t\t\t\t<\/div>\n\t\t<\/div>\n\t\t\t\t\t<\/div>\n\t\t<\/section>\n\t\t\t\t\t<\/div>\n\t\t<\/div>\n\t\t\t\t\t<\/div>\n\t\t<\/section>\n\t\t\t\t<section class=\"elementor-section elementor-top-section elementor-element elementor-element-d9edcee elementor-section-boxed elementor-section-height-default elementor-section-height-default\" data-id=\"d9edcee\" data-element_type=\"section\" data-settings=\"{&quot;jet_parallax_layout_list&quot;:[]}\">\n\t\t\t\t\t\t<div class=\"elementor-container elementor-column-gap-default\">\n\t\t\t\t\t<div class=\"elementor-column elementor-col-100 elementor-top-column elementor-element elementor-element-65c3f7b\" data-id=\"65c3f7b\" data-element_type=\"column\">\n\t\t\t<div class=\"elementor-widget-wrap\">\n\t\t\t\t\t\t\t<\/div>\n\t\t<\/div>\n\t\t\t\t\t<\/div>\n\t\t<\/section>\n\t\t\t\t<section class=\"elementor-section elementor-top-section elementor-element elementor-element-3ffcea45 elementor-section-boxed elementor-section-height-default elementor-section-height-default\" data-id=\"3ffcea45\" data-element_type=\"section\" data-settings=\"{&quot;jet_parallax_layout_list&quot;:[]}\">\n\t\t\t\t\t\t<div class=\"elementor-container elementor-column-gap-default\">\n\t\t\t\t\t<div class=\"elementor-column elementor-col-100 elementor-top-column elementor-element elementor-element-4f0d7675\" data-id=\"4f0d7675\" data-element_type=\"column\">\n\t\t\t<div class=\"elementor-widget-wrap elementor-element-populated\">\n\t\t\t\t\t\t<section class=\"elementor-section elementor-inner-section elementor-element elementor-element-2dc82645 elementor-section-boxed elementor-section-height-default elementor-section-height-default\" data-id=\"2dc82645\" data-element_type=\"section\" data-settings=\"{&quot;jet_parallax_layout_list&quot;:[]}\">\n\t\t\t\t\t\t<div class=\"elementor-container elementor-column-gap-default\">\n\t\t\t\t\t<div class=\"elementor-column elementor-col-100 elementor-inner-column elementor-element elementor-element-1738787d\" data-id=\"1738787d\" data-element_type=\"column\">\n\t\t\t<div class=\"elementor-widget-wrap elementor-element-populated\">\n\t\t\t\t\t\t<div class=\"elementor-element elementor-element-75c931b0 elementor-widget elementor-widget-text-editor\" data-id=\"75c931b0\" data-element_type=\"widget\" data-widget_type=\"text-editor.default\">\n\t\t\t\t<div class=\"elementor-widget-container\">\n\t\t\t\t\t\t\t<p><span style=\"font-size: 10px;\">Ne face pl\u0103cere s\u0103 v\u0103 inform\u0103m c\u0103 &icirc;ncep&acirc;nd cu data de 25 mai 2018 devine aplicabil Regulamentul European 2016\/679 privind protec\u021bia persoanelor fizice referitor la prelucrarea datelor cu caracter personal \u0219i liber\u0103 circula\u021bie a acestor date (&ldquo;GDPR&rdquo;).&nbsp;<\/span><span style=\"font-size: 10px;\">Dorim s\u0103 v\u0103 anun\u021b\u0103m c\u0103 respect\u0103m prevederile Regulamentului UE privind confiden\u021bialitatea \u0219i protec\u021bia datelor cu caracter personal, aliniindu-ne noilor cerin\u021be.&nbsp;<\/span><span style=\"font-size: 10px;\">V\u0103 inform\u0103m faptul c\u0103 PROEVENTS &amp; CONFERENCE colecteaz\u0103 doar date asociate persoanelor fizice\/ juridice &icirc;n contextul &icirc;n care ne sunt solicitate servicii pentru a c\u0103ror livrare avem nevoie de aceste informa\u021bii, fiindu-ne necesare &icirc;n interesul legitim al dumneavoastr\u0103. &nbsp;<\/span><span style=\"font-size: 10px;\">&Icirc;n contextul particip\u0103rii la un congres medical pentru validarea creditelor EMC de c\u0103tre Colegiul Medicilor din Rom&acirc;nia sunt necesare date obligatorii precum nume, prenume, CUIM, specilalitate medical\u0103, loc de munc\u0103 \u0219i grad profesional. Alte date precum adresa de e-mail \u0219i num\u0103rul de telefon ne sunt necesare pentru a v\u0103 transmite informa\u021bii legate de desf\u0103\u0219urarea unei manifest\u0103ri medicale spre Exemplu: loca\u021bie, deadline &icirc;nregistrare sau trimitere lucr\u0103ri \u0219tiin\u021bifice. &nbsp;<\/span><span style=\"font-size: 10px;\">Preciz\u0103m c\u0103 datele dumneavoastr\u0103 nu vor fi &icirc;nstr\u0103inate de noi c\u0103tre nici un ter\u021b \u0219i vor fi folosite numai &icirc;n scopul &icirc;n care au fost transmise. &nbsp;<\/span><span style=\"font-size: 10px;\">&Icirc;n situa\u021bia &icirc;n care ve\u021bi alege s\u0103 pl\u0103ti\u021bi cu cardul unul dintre servicii, preciz\u0103m c\u0103 instrumental de plat\u0103 electronic\u0103 este unul sigur \u0219i c\u0103 noi nu stoc\u0103m astfel de date (detalii card, conturi bancare) iar pl\u0103\u021bile se realizeaza numai &icirc;n interfe\u021bele securizate care apar\u021bin institu\u021biilor bancare.&nbsp;<\/span><span style=\"font-size: 10px;\">V\u0103 inform\u0103m c\u0103 ave\u021bi posibilitatea de a reveni asupra deciziei acceptului de comunicare &icirc;n orice moment \u0219i totodat\u0103 pute\u021bi solicita orice informa\u021bii suplimentare referitoare la datele dumneavoastr\u0103, contact&acirc;ndu-ne la&nbsp;<\/span><span style=\"color: rgb(153, 153, 153); font-size: 10px;\"><a style=\"color: #999999;\" href=\"https:\/\/zd2022.medical-congresses.ro\/inregistrare\/gdpr@pproevents.com\">gdpr@pproevents.com<\/a>.<\/span><\/p>\t\t\t\t\t\t<\/div>\n\t\t\t\t<\/div>\n\t\t\t\t<div class=\"elementor-element elementor-element-ad0d1c6 elementor-widget elementor-widget-spacer\" data-id=\"ad0d1c6\" data-element_type=\"widget\" data-widget_type=\"spacer.default\">\n\t\t\t\t<div class=\"elementor-widget-container\">\n\t\t\t<style>\/*! elementor - v3.19.0 - 29-01-2024 *\/\n.elementor-column .elementor-spacer-inner{height:var(--spacer-size)}.e-con{--container-widget-width:100%}.e-con-inner>.elementor-widget-spacer,.e-con>.elementor-widget-spacer{width:var(--container-widget-width,var(--spacer-size));--align-self:var(--container-widget-align-self,initial);--flex-shrink:0}.e-con-inner>.elementor-widget-spacer>.elementor-widget-container,.e-con>.elementor-widget-spacer>.elementor-widget-container{height:100%;width:100%}.e-con-inner>.elementor-widget-spacer>.elementor-widget-container>.elementor-spacer,.e-con>.elementor-widget-spacer>.elementor-widget-container>.elementor-spacer{height:100%}.e-con-inner>.elementor-widget-spacer>.elementor-widget-container>.elementor-spacer>.elementor-spacer-inner,.e-con>.elementor-widget-spacer>.elementor-widget-container>.elementor-spacer>.elementor-spacer-inner{height:var(--container-widget-height,var(--spacer-size))}.e-con-inner>.elementor-widget-spacer.elementor-widget-empty,.e-con>.elementor-widget-spacer.elementor-widget-empty{position:relative;min-height:22px;min-width:22px}.e-con-inner>.elementor-widget-spacer.elementor-widget-empty .elementor-widget-empty-icon,.e-con>.elementor-widget-spacer.elementor-widget-empty .elementor-widget-empty-icon{position:absolute;top:0;bottom:0;left:0;right:0;margin:auto;padding:0;width:22px;height:22px}<\/style>\t\t<div class=\"elementor-spacer\">\n\t\t\t<div class=\"elementor-spacer-inner\"><\/div>\n\t\t<\/div>\n\t\t\t\t<\/div>\n\t\t\t\t<\/div>\n\t\t\t\t\t<\/div>\n\t\t<\/div>\n\t\t\t\t\t<\/div>\n\t\t<\/section>\n\t\t\t\t\t<\/div>\n\t\t<\/div>\n\t\t\t\t\t<\/div>\n\t\t<\/section>\n\t\t\t\t<\/div>","protected":false},"excerpt":{"rendered":"<p>Taxe Participare P\u00e2n\u0103 la 20.07.2023 Din 21.07.2023 \u0219i pe loc Cursurile se desf\u0103\u0219oar\u0103 \u00een paralel, \u00een data de 21 septembrie 2023 Medici primari\/speciali\u0219ti 250 RON 300 RON Medici reziden\u021bi\/pensionari 125 RON 175 RON Curs Chirurgie minim invaziv\u0103 hands-on 700 RON 700 RON Curs Medicin\u0103 regenerativ\u0103 \u0219i estetic\u0103 ginecologic\u0103 500 RON 500 RON \u00cenregistrare INFORMA\u021aII PENTRU [&hellip;]<\/p>","protected":false},"author":1,"featured_media":0,"parent":0,"menu_order":0,"comment_status":"closed","ping_status":"closed","template":"elementor_header_footer","meta":{"_exactmetrics_skip_tracking":false,"_exactmetrics_sitenote_active":false,"_exactmetrics_sitenote_note":"","_exactmetrics_sitenote_category":0},"acf":[],"publishpress_future_action":{"enabled":false,"date":"2026-05-07 19:18:50","action":"draft","terms":[],"taxonomy":""},"_links":{"self":[{"href":"https:\/\/atisibiu2024.medical-congresses.ro\/en\/wp-json\/wp\/v2\/pages\/69"}],"collection":[{"href":"https:\/\/atisibiu2024.medical-congresses.ro\/en\/wp-json\/wp\/v2\/pages"}],"about":[{"href":"https:\/\/atisibiu2024.medical-congresses.ro\/en\/wp-json\/wp\/v2\/types\/page"}],"author":[{"embeddable":true,"href":"https:\/\/atisibiu2024.medical-congresses.ro\/en\/wp-json\/wp\/v2\/users\/1"}],"replies":[{"embeddable":true,"href":"https:\/\/atisibiu2024.medical-congresses.ro\/en\/wp-json\/wp\/v2\/comments?post=69"}],"version-history":[{"count":160,"href":"https:\/\/atisibiu2024.medical-congresses.ro\/en\/wp-json\/wp\/v2\/pages\/69\/revisions"}],"predecessor-version":[{"id":2155,"href":"https:\/\/atisibiu2024.medical-congresses.ro\/en\/wp-json\/wp\/v2\/pages\/69\/revisions\/2155"}],"wp:attachment":[{"href":"https:\/\/atisibiu2024.medical-congresses.ro\/en\/wp-json\/wp\/v2\/media?parent=69"}],"curies":[{"name":"wp","href":"https:\/\/api.w.org\/{rel}","templated":true}]}}